{"id":351,"date":"2022-06-01T14:27:58","date_gmt":"2022-06-01T12:27:58","guid":{"rendered":"https:\/\/glasprirode.hr\/natura-2000-u-hrvatskoj\/"},"modified":"2023-05-02T12:55:49","modified_gmt":"2023-05-02T10:55:49","slug":"natura-2000-in-croatia","status":"publish","type":"page","link":"https:\/\/glasprirode.hr\/en\/natura-2000-in-croatia\/","title":{"rendered":"Natura 2000 in Croatia"},"content":{"rendered":"\n<h2 class=\"wp-block-heading\">Croatian Natura 2000 ecological network is one of the largest in the EU<\/h2>\n\n\n\n<p>With its diverse relief, climate, and geological substratum, Croatia is located at the crossroads of three biogeographical regions \u2013 Alpine, Continental, and Mediterranean. As such, it is one of the richest European countries in terms of biodiversity. Furthermore, as a coastal country, Croatia boasts a great degree of biodiversity of the marine ecosystems. Therefore, relative to the total size of the Croatian territory, the Croatian Natura 2000 ecological network is one of the largest in the EU.<\/p>\n\n\n\n<p><a href=\"https:\/\/www.haop.hr\/hr\/tematska-podrucja\/odrzivo-koristenje-prirodnih-dobara-i-ekoloska-mreza\/ekoloska-mreza\" target=\"_blank\" rel=\"noreferrer noopener\">The ecological network of the Republic of Croatia<\/a> includes a surface area of 25,956 km<sup>2<\/sup> and covers 36.8% of the land territory and 9.3% of the sea under national jurisdiction (territorial sea and exclusive economic zone of the Republic of Croatia). It consists of <a href=\"https:\/\/www.bioportal.hr\/gis\/\" target=\"_blank\" rel=\"noreferrer noopener\">745 sites<\/a> significant for conservation of species and habitat types (SCIs\/SACs) and 38 special protection areas significant for conservation of birds (SPAs).<\/p>\n\n\n\n<h3 class=\"wp-block-heading\">The Natura 2000 ecological network sites in Croatia (under the Regulation on ecological network and competence of public institutions for managing ecological network sites, Official Gazette 80\/19).<\/h3>\n\n\n\n<div class=\"table-container\">\n<table width=\"100%\" border=\"0\" cellspacing=\"0\" cellpadding=\"0\"><thead><tr><th rowspan=\"2\" scope=\"col\" class=\"txt-left\">Coverage<\/th>\n\t\t\t\t<th colspan=\"2\" scope=\"col\">Land<\/th>\n\t\t\t\t<th colspan=\"2\" scope=\"col\">Sea<\/th>\n\t\t\t\t<th colspan=\"2\" scope=\"col\">Total (Croatia)<\/th>\n\t\t\t\t<th rowspan=\"2\" scope=\"col\">Number of areas<\/th>\n\t\t\t<\/tr><tr><th>km<sup>2<\/sup><\/th>\n\t\t\t\t<th>%<\/th>\n\t\t\t\t<th>km<sup>2<\/sup><\/th>\n\t\t\t\t<th>%<\/th>\n\t\t\t\t<th>km<sup>2<\/sup><\/th>\n\t\t\t\t<th>%<\/th>\n\t\t\t<\/tr><\/thead><tbody><tr><td class=\"txt-left\"><strong>Ecological network areas pursuant to the Habitats Directive (SCI\/SAC)<\/strong><\/td>\n\t\t\t\t<td>16,117.9<\/td>\n\t\t\t\t<td>28.5<\/td>\n\t\t\t\t<td>4,856.5<\/td>\n\t\t\t\t<td>8.8<\/td>\n\t\t\t\t<td>20,974.4<\/td>\n\t\t\t\t<td>18.7<\/td>\n\t\t\t\t<td>745<\/td>\n\t\t\t<\/tr><tr><td class=\"txt-left\"><strong>Ecological network areas pursuant to the Birds Directive (SPA)<\/strong><\/td>\n\t\t\t\t<td>17,102.3<\/td>\n\t\t\t\t<td>30.2<\/td>\n\t\t\t\t<td>1,045.4<\/td>\n\t\t\t\t<td>1.9<\/td>\n\t\t\t\t<td>18,147.7<\/td>\n\t\t\t\t<td>16.2<\/td>\n\t\t\t\t<td>38<\/td>\n\t\t\t<\/tr><tr><td class=\"txt-left\"><strong>Ecological network, total<\/strong><\/td>\n\t\t\t\t<td>20,797.9<\/td>\n\t\t\t\t<td>36.8<\/td>\n\t\t\t\t<td>5,158.2<\/td>\n\t\t\t\t<td>9.3<\/td>\n\t\t\t\t<td>25,956.1<\/td>\n\t\t\t\t<td>23.2<\/td>\n\t\t\t\t<td>783<\/td>\n\t\t\t<\/tr><\/tbody><\/table><\/div>\n\n\n\n<h3 class=\"wp-block-heading\">Natura 2000 ecological network in Croatia&nbsp;<\/h3>\n\n\n\n<figure class=\"wp-block-image size-large\"><img loading=\"lazy\" decoding=\"async\" width=\"1024\" height=\"978\" src=\"https:\/\/glasprirode.hr\/wp-content\/uploads\/2023\/05\/ekoloska-mreza-natura-2000-u-hrvatskoj_en-1024x978.jpg\" alt=\"\" class=\"wp-image-2344\" srcset=\"https:\/\/glasprirode.hr\/wp-content\/uploads\/2023\/05\/ekoloska-mreza-natura-2000-u-hrvatskoj_en-1024x978.jpg 1024w, https:\/\/glasprirode.hr\/wp-content\/uploads\/2023\/05\/ekoloska-mreza-natura-2000-u-hrvatskoj_en-300x286.jpg 300w, https:\/\/glasprirode.hr\/wp-content\/uploads\/2023\/05\/ekoloska-mreza-natura-2000-u-hrvatskoj_en-768x733.jpg 768w, https:\/\/glasprirode.hr\/wp-content\/uploads\/2023\/05\/ekoloska-mreza-natura-2000-u-hrvatskoj_en-1536x1467.jpg 1536w, https:\/\/glasprirode.hr\/wp-content\/uploads\/2023\/05\/ekoloska-mreza-natura-2000-u-hrvatskoj_en-670x640.jpg 670w, https:\/\/glasprirode.hr\/wp-content\/uploads\/2023\/05\/ekoloska-mreza-natura-2000-u-hrvatskoj_en.jpg 1820w\" sizes=\"auto, (max-width: 1024px) 100vw, 1024px\" \/><figcaption class=\"wp-element-caption\">Natura 2000 ecological network areas in Croatia<\/figcaption><\/figure>\n\n\n\n<p>Most of the areas protected under the national categories were included in the ecological networks (90% of total protected area) \u2013 therefore, about 29% of the ecological network area is also protected under one of the national categories. If we take out the overlaps, we are able to determine <a href=\"https:\/\/www.bioportal.hr\/gis\/\" target=\"_blank\" rel=\"noreferrer noopener\">the total protected area dedicated to nature conservation in the Republic of Croatia<\/a> \u2013 38.1% of the land and 9.4% of the sea.<\/p>\n\n\n\n<h3 class=\"wp-block-heading\">Areas protected with the aim of nature conservation in the Republic of Croatia (as at 31 December 2022)<\/h3>\n\n\n\n<div class=\"table-container\">\n<table width=\"100%\" border=\"0\" cellspacing=\"0\" cellpadding=\"0\"><thead><tr><th rowspan=\"2\" scope=\"col\" class=\"txt-left\">Coverage<\/th>\n\t\t\t\t<th rowspan=\"2\" scope=\"col\">Number of areas<\/th>\n\t\t\t\t<th colspan=\"2\" scope=\"col\">Land<\/th>\n\t\t\t\t<th colspan=\"2\" scope=\"col\">Sea (under national jurisdiction)<\/th>\n\t\t\t\t<th colspan=\"2\" scope=\"col\">Total (Croatia)<\/th>\n\t\t\t<\/tr><tr><th>km<sup>2<\/sup><\/th>\n\t\t\t\t<th>%<\/th>\n\t\t\t\t<th>km<sup>2<\/sup><\/th>\n\t\t\t\t<th>%<\/th>\n\t\t\t\t<th>km<sup>2<\/sup><\/th>\n\t\t\t\t<th>%<\/th>\n\t\t\t<\/tr><\/thead><tbody><tr><td class=\"txt-left\"><strong>Areas protected under national PA categories<\/strong><\/td>\n\t\t\t\t<td>408<\/td>\n\t\t\t\t<td>7,668.0<\/td>\n\t\t\t\t<td>13.5<\/td>\n\t\t\t\t<td>615.9<\/td>\n\t\t\t\t<td>1.1<\/td>\n\t\t\t\t<td>8,284.2<\/td>\n\t\t\t\t<td>7.4<\/td>\n\t\t\t<\/tr><tr><td class=\"txt-left\"><strong>Ecological network<\/strong><\/td>\n\t\t\t\t<td>783<\/td>\n\t\t\t\t<td>20,797.9<\/td>\n\t\t\t\t<td>36.8<\/td>\n\t\t\t\t<td>5,158.2<\/td>\n\t\t\t\t<td>9.3<\/td>\n\t\t\t\t<td>25,956.1<\/td>\n\t\t\t\t<td>23.2<\/td>\n\t\t\t<\/tr><tr><td class=\"txt-left\"><strong>Total (without overlaps)<\/strong><\/td>\n\t\t\t\t<td>\u00a0<\/td>\n\t\t\t\t<td>21,580.5<\/td>\n\t\t\t\t<td>38.1<\/td>\n\t\t\t\t<td>5,200.2<\/td>\n\t\t\t\t<td>9.4<\/td>\n\t\t\t\t<td>26,781.0<\/td>\n\t\t\t\t<td>23.9<\/td>\n\t\t\t<\/tr><\/tbody><\/table><\/div>\n\n\n\n<h4 class=\"wp-block-heading\">Find out more about the Natura 2000 ecological network:<\/h4>\n\n\n\n<ul class=\"wp-block-list\">\n<li><a href=\"https:\/\/glasprirode.hr\/en\/natura-2000-ecological-network\/\">Natura 2000 ecological network<\/a><\/li>\n\n\n\n<li><a href=\"https:\/\/glasprirode.hr\/en\/directives-as-the-basis-of-eu-nature-protection\/\">Directives as the basis of EU nature protection<\/a><\/li>\n\n\n\n<li><a href=\"https:\/\/glasprirode.hr\/en\/ecological-network-management\/\">Ecological network management<\/a><\/li>\n<\/ul>\n","protected":false},"excerpt":{"rendered":"<p>Croatian Natura 2000 ecological network is one of the largest in the EU With its diverse relief, climate, and geological substratum, Croatia is located at the crossroads of three biogeographical regions \u2013 Alpine, Continental, and Mediterranean. As such, it is one of the richest European countries in terms of biodiversity. Furthermore, as a coastal country,&hellip;<\/p>\n","protected":false},"author":1,"featured_media":1346,"parent":0,"menu_order":0,"comment_status":"closed","ping_status":"closed","template":"","meta":{"_acf_changed":false,"inline_featured_image":false,"footnotes":""},"class_list":["post-351","page","type-page","status-publish","has-post-thumbnail","hentry"],"acf":[],"yoast_head":"<!-- This site is optimized with the Yoast SEO plugin v27.3 - https:\/\/yoast.com\/product\/yoast-seo-wordpress\/ -->\n<title>Natura 2000 in Croatia | Poslu\u0161aj glas prirode<\/title>\n<meta name=\"description\" content=\"Ekolo\u0161ka mre\u017ea Republike Hrvatske obuhva\u0107a 25.956 km2 i pokriva 36,8 % kopnenog teritorija te 9,3 % mora pod nacionalnom jurisdikcijom (teritorijalno more i isklju\u010divi gospodarski pojas RH), a sastoji se od 745 podru\u010dja o\u010duvanja zna\u010dajnih za vrste i stani\u0161ne tipove (POVS) te 38 podru\u010dja o\u010duvanja zna\u010dajnih za ptice (POP). U ekolo\u0161ke mre\u017ee u\u0161la je i ve\u0107ina podru\u010dja za\u0161ti\u0107enih u nacionalnim kategorijama (90 % za\u0161ti\u0107ene povr\u0161ine), stoga je oko 29 % povr\u0161ine ekolo\u0161ke mre\u017ee za\u0161ti\u0107eno i u jednoj od nacionalnih kategorija. Kada se uklone me\u0111usobna preklapanja, jasna je ukupna za\u0161ti\u0107ena povr\u0161ina posve\u0107ena o\u010duvanju prirode u RH \u2013 38,1 % kopna i 9,4 % mora.\" \/>\n<meta name=\"robots\" content=\"index, follow, max-snippet:-1, max-image-preview:large, max-video-preview:-1\" \/>\n<link rel=\"canonical\" href=\"https:\/\/glasprirode.hr\/en\/natura-2000-in-croatia\/\" \/>\n<meta property=\"og:locale\" content=\"en_US\" \/>\n<meta property=\"og:type\" content=\"article\" \/>\n<meta property=\"og:title\" content=\"Natura 2000 in Croatia | Poslu\u0161aj glas prirode\" \/>\n<meta property=\"og:description\" content=\"Ekolo\u0161ka mre\u017ea Republike Hrvatske obuhva\u0107a 25.956 km2 i pokriva 36,8 % kopnenog teritorija te 9,3 % mora pod nacionalnom jurisdikcijom (teritorijalno more i isklju\u010divi gospodarski pojas RH), a sastoji se od 745 podru\u010dja o\u010duvanja zna\u010dajnih za vrste i stani\u0161ne tipove (POVS) te 38 podru\u010dja o\u010duvanja zna\u010dajnih za ptice (POP). U ekolo\u0161ke mre\u017ee u\u0161la je i ve\u0107ina podru\u010dja za\u0161ti\u0107enih u nacionalnim kategorijama (90 % za\u0161ti\u0107ene povr\u0161ine), stoga je oko 29 % povr\u0161ine ekolo\u0161ke mre\u017ee za\u0161ti\u0107eno i u jednoj od nacionalnih kategorija. Kada se uklone me\u0111usobna preklapanja, jasna je ukupna za\u0161ti\u0107ena povr\u0161ina posve\u0107ena o\u010duvanju prirode u RH \u2013 38,1 % kopna i 9,4 % mora.\" \/>\n<meta property=\"og:url\" content=\"https:\/\/glasprirode.hr\/en\/natura-2000-in-croatia\/\" \/>\n<meta property=\"og:site_name\" content=\"Poslu\u0161aj glas prirode\" \/>\n<meta property=\"article:publisher\" content=\"https:\/\/www.facebook.com\/glasprirodehr\" \/>\n<meta property=\"article:modified_time\" content=\"2023-05-02T10:55:49+00:00\" \/>\n<meta property=\"og:image\" content=\"https:\/\/glasprirode.hr\/wp-content\/uploads\/2022\/06\/natura-u-hrvatskoj-desktop.jpg\" \/>\n\t<meta property=\"og:image:width\" content=\"1920\" \/>\n\t<meta property=\"og:image:height\" content=\"1080\" \/>\n\t<meta property=\"og:image:type\" content=\"image\/jpeg\" \/>\n<meta name=\"twitter:card\" content=\"summary_large_image\" \/>\n<meta name=\"twitter:label1\" content=\"Est. reading time\" \/>\n\t<meta name=\"twitter:data1\" content=\"3 minutes\" \/>\n<script type=\"application\/ld+json\" class=\"yoast-schema-graph\">{\"@context\":\"https:\\\/\\\/schema.org\",\"@graph\":[{\"@type\":\"WebPage\",\"@id\":\"https:\\\/\\\/glasprirode.hr\\\/en\\\/natura-2000-in-croatia\\\/\",\"url\":\"https:\\\/\\\/glasprirode.hr\\\/en\\\/natura-2000-in-croatia\\\/\",\"name\":\"Natura 2000 in Croatia | Poslu\u0161aj glas prirode\",\"isPartOf\":{\"@id\":\"https:\\\/\\\/glasprirode.hr\\\/#website\"},\"primaryImageOfPage\":{\"@id\":\"https:\\\/\\\/glasprirode.hr\\\/en\\\/natura-2000-in-croatia\\\/#primaryimage\"},\"image\":{\"@id\":\"https:\\\/\\\/glasprirode.hr\\\/en\\\/natura-2000-in-croatia\\\/#primaryimage\"},\"thumbnailUrl\":\"https:\\\/\\\/glasprirode.hr\\\/wp-content\\\/uploads\\\/2022\\\/06\\\/natura-u-hrvatskoj-desktop.jpg\",\"datePublished\":\"2022-06-01T12:27:58+00:00\",\"dateModified\":\"2023-05-02T10:55:49+00:00\",\"description\":\"Ekolo\u0161ka mre\u017ea Republike Hrvatske obuhva\u0107a 25.956 km2 i pokriva 36,8 % kopnenog teritorija te 9,3 % mora pod nacionalnom jurisdikcijom (teritorijalno more i isklju\u010divi gospodarski pojas RH), a sastoji se od 745 podru\u010dja o\u010duvanja zna\u010dajnih za vrste i stani\u0161ne tipove (POVS) te 38 podru\u010dja o\u010duvanja zna\u010dajnih za ptice (POP). U ekolo\u0161ke mre\u017ee u\u0161la je i ve\u0107ina podru\u010dja za\u0161ti\u0107enih u nacionalnim kategorijama (90 % za\u0161ti\u0107ene povr\u0161ine), stoga je oko 29 % povr\u0161ine ekolo\u0161ke mre\u017ee za\u0161ti\u0107eno i u jednoj od nacionalnih kategorija. Kada se uklone me\u0111usobna preklapanja, jasna je ukupna za\u0161ti\u0107ena povr\u0161ina posve\u0107ena o\u010duvanju prirode u RH \u2013 38,1 % kopna i 9,4 % mora.\",\"breadcrumb\":{\"@id\":\"https:\\\/\\\/glasprirode.hr\\\/en\\\/natura-2000-in-croatia\\\/#breadcrumb\"},\"inLanguage\":\"en-US\",\"potentialAction\":[{\"@type\":\"ReadAction\",\"target\":[\"https:\\\/\\\/glasprirode.hr\\\/en\\\/natura-2000-in-croatia\\\/\"]}]},{\"@type\":\"ImageObject\",\"inLanguage\":\"en-US\",\"@id\":\"https:\\\/\\\/glasprirode.hr\\\/en\\\/natura-2000-in-croatia\\\/#primaryimage\",\"url\":\"https:\\\/\\\/glasprirode.hr\\\/wp-content\\\/uploads\\\/2022\\\/06\\\/natura-u-hrvatskoj-desktop.jpg\",\"contentUrl\":\"https:\\\/\\\/glasprirode.hr\\\/wp-content\\\/uploads\\\/2022\\\/06\\\/natura-u-hrvatskoj-desktop.jpg\",\"width\":1920,\"height\":1080},{\"@type\":\"BreadcrumbList\",\"@id\":\"https:\\\/\\\/glasprirode.hr\\\/en\\\/natura-2000-in-croatia\\\/#breadcrumb\",\"itemListElement\":[{\"@type\":\"ListItem\",\"position\":1,\"name\":\"Home\",\"item\":\"https:\\\/\\\/glasprirode.hr\\\/en\\\/\"},{\"@type\":\"ListItem\",\"position\":2,\"name\":\"Natura 2000 in Croatia\"}]},{\"@type\":\"WebSite\",\"@id\":\"https:\\\/\\\/glasprirode.hr\\\/#website\",\"url\":\"https:\\\/\\\/glasprirode.hr\\\/\",\"name\":\"Poslu\u0161aj glas prirode\",\"description\":\"\u010cuvaj bioraznolikost Hrvatske\",\"publisher\":{\"@id\":\"https:\\\/\\\/glasprirode.hr\\\/#organization\"},\"potentialAction\":[{\"@type\":\"SearchAction\",\"target\":{\"@type\":\"EntryPoint\",\"urlTemplate\":\"https:\\\/\\\/glasprirode.hr\\\/?s={search_term_string}\"},\"query-input\":{\"@type\":\"PropertyValueSpecification\",\"valueRequired\":true,\"valueName\":\"search_term_string\"}}],\"inLanguage\":\"en-US\"},{\"@type\":\"Organization\",\"@id\":\"https:\\\/\\\/glasprirode.hr\\\/#organization\",\"name\":\"Glas prirode\",\"url\":\"https:\\\/\\\/glasprirode.hr\\\/\",\"logo\":{\"@type\":\"ImageObject\",\"inLanguage\":\"en-US\",\"@id\":\"https:\\\/\\\/glasprirode.hr\\\/#\\\/schema\\\/logo\\\/image\\\/\",\"url\":\"https:\\\/\\\/glasprirode.hr\\\/wp-content\\\/uploads\\\/2022\\\/06\\\/web-thumbnail.jpg\",\"contentUrl\":\"https:\\\/\\\/glasprirode.hr\\\/wp-content\\\/uploads\\\/2022\\\/06\\\/web-thumbnail.jpg\",\"width\":1200,\"height\":628,\"caption\":\"Glas prirode\"},\"image\":{\"@id\":\"https:\\\/\\\/glasprirode.hr\\\/#\\\/schema\\\/logo\\\/image\\\/\"},\"sameAs\":[\"https:\\\/\\\/www.facebook.com\\\/glasprirodehr\",\"https:\\\/\\\/www.instagram.com\\\/glasprirodehr\\\/\",\"https:\\\/\\\/www.youtube.com\\\/channel\\\/UChCv0Ama_OMOIleNeCaBRZQ\"]}]}<\/script>\n<!-- \/ Yoast SEO plugin. -->","yoast_head_json":{"title":"Natura 2000 in Croatia | Poslu\u0161aj glas prirode","description":"Ekolo\u0161ka mre\u017ea Republike Hrvatske obuhva\u0107a 25.956 km2 i pokriva 36,8 % kopnenog teritorija te 9,3 % mora pod nacionalnom jurisdikcijom (teritorijalno more i isklju\u010divi gospodarski pojas RH), a sastoji se od 745 podru\u010dja o\u010duvanja zna\u010dajnih za vrste i stani\u0161ne tipove (POVS) te 38 podru\u010dja o\u010duvanja zna\u010dajnih za ptice (POP). U ekolo\u0161ke mre\u017ee u\u0161la je i ve\u0107ina podru\u010dja za\u0161ti\u0107enih u nacionalnim kategorijama (90 % za\u0161ti\u0107ene povr\u0161ine), stoga je oko 29 % povr\u0161ine ekolo\u0161ke mre\u017ee za\u0161ti\u0107eno i u jednoj od nacionalnih kategorija. Kada se uklone me\u0111usobna preklapanja, jasna je ukupna za\u0161ti\u0107ena povr\u0161ina posve\u0107ena o\u010duvanju prirode u RH \u2013 38,1 % kopna i 9,4 % mora.","robots":{"index":"index","follow":"follow","max-snippet":"max-snippet:-1","max-image-preview":"max-image-preview:large","max-video-preview":"max-video-preview:-1"},"canonical":"https:\/\/glasprirode.hr\/en\/natura-2000-in-croatia\/","og_locale":"en_US","og_type":"article","og_title":"Natura 2000 in Croatia | Poslu\u0161aj glas prirode","og_description":"Ekolo\u0161ka mre\u017ea Republike Hrvatske obuhva\u0107a 25.956 km2 i pokriva 36,8 % kopnenog teritorija te 9,3 % mora pod nacionalnom jurisdikcijom (teritorijalno more i isklju\u010divi gospodarski pojas RH), a sastoji se od 745 podru\u010dja o\u010duvanja zna\u010dajnih za vrste i stani\u0161ne tipove (POVS) te 38 podru\u010dja o\u010duvanja zna\u010dajnih za ptice (POP). U ekolo\u0161ke mre\u017ee u\u0161la je i ve\u0107ina podru\u010dja za\u0161ti\u0107enih u nacionalnim kategorijama (90 % za\u0161ti\u0107ene povr\u0161ine), stoga je oko 29 % povr\u0161ine ekolo\u0161ke mre\u017ee za\u0161ti\u0107eno i u jednoj od nacionalnih kategorija. Kada se uklone me\u0111usobna preklapanja, jasna je ukupna za\u0161ti\u0107ena povr\u0161ina posve\u0107ena o\u010duvanju prirode u RH \u2013 38,1 % kopna i 9,4 % mora.","og_url":"https:\/\/glasprirode.hr\/en\/natura-2000-in-croatia\/","og_site_name":"Poslu\u0161aj glas prirode","article_publisher":"https:\/\/www.facebook.com\/glasprirodehr","article_modified_time":"2023-05-02T10:55:49+00:00","og_image":[{"width":1920,"height":1080,"url":"https:\/\/glasprirode.hr\/wp-content\/uploads\/2022\/06\/natura-u-hrvatskoj-desktop.jpg","type":"image\/jpeg"}],"twitter_card":"summary_large_image","twitter_misc":{"Est. reading time":"3 minutes"},"schema":{"@context":"https:\/\/schema.org","@graph":[{"@type":"WebPage","@id":"https:\/\/glasprirode.hr\/en\/natura-2000-in-croatia\/","url":"https:\/\/glasprirode.hr\/en\/natura-2000-in-croatia\/","name":"Natura 2000 in Croatia | Poslu\u0161aj glas prirode","isPartOf":{"@id":"https:\/\/glasprirode.hr\/#website"},"primaryImageOfPage":{"@id":"https:\/\/glasprirode.hr\/en\/natura-2000-in-croatia\/#primaryimage"},"image":{"@id":"https:\/\/glasprirode.hr\/en\/natura-2000-in-croatia\/#primaryimage"},"thumbnailUrl":"https:\/\/glasprirode.hr\/wp-content\/uploads\/2022\/06\/natura-u-hrvatskoj-desktop.jpg","datePublished":"2022-06-01T12:27:58+00:00","dateModified":"2023-05-02T10:55:49+00:00","description":"Ekolo\u0161ka mre\u017ea Republike Hrvatske obuhva\u0107a 25.956 km2 i pokriva 36,8 % kopnenog teritorija te 9,3 % mora pod nacionalnom jurisdikcijom (teritorijalno more i isklju\u010divi gospodarski pojas RH), a sastoji se od 745 podru\u010dja o\u010duvanja zna\u010dajnih za vrste i stani\u0161ne tipove (POVS) te 38 podru\u010dja o\u010duvanja zna\u010dajnih za ptice (POP). U ekolo\u0161ke mre\u017ee u\u0161la je i ve\u0107ina podru\u010dja za\u0161ti\u0107enih u nacionalnim kategorijama (90 % za\u0161ti\u0107ene povr\u0161ine), stoga je oko 29 % povr\u0161ine ekolo\u0161ke mre\u017ee za\u0161ti\u0107eno i u jednoj od nacionalnih kategorija. Kada se uklone me\u0111usobna preklapanja, jasna je ukupna za\u0161ti\u0107ena povr\u0161ina posve\u0107ena o\u010duvanju prirode u RH \u2013 38,1 % kopna i 9,4 % mora.","breadcrumb":{"@id":"https:\/\/glasprirode.hr\/en\/natura-2000-in-croatia\/#breadcrumb"},"inLanguage":"en-US","potentialAction":[{"@type":"ReadAction","target":["https:\/\/glasprirode.hr\/en\/natura-2000-in-croatia\/"]}]},{"@type":"ImageObject","inLanguage":"en-US","@id":"https:\/\/glasprirode.hr\/en\/natura-2000-in-croatia\/#primaryimage","url":"https:\/\/glasprirode.hr\/wp-content\/uploads\/2022\/06\/natura-u-hrvatskoj-desktop.jpg","contentUrl":"https:\/\/glasprirode.hr\/wp-content\/uploads\/2022\/06\/natura-u-hrvatskoj-desktop.jpg","width":1920,"height":1080},{"@type":"BreadcrumbList","@id":"https:\/\/glasprirode.hr\/en\/natura-2000-in-croatia\/#breadcrumb","itemListElement":[{"@type":"ListItem","position":1,"name":"Home","item":"https:\/\/glasprirode.hr\/en\/"},{"@type":"ListItem","position":2,"name":"Natura 2000 in Croatia"}]},{"@type":"WebSite","@id":"https:\/\/glasprirode.hr\/#website","url":"https:\/\/glasprirode.hr\/","name":"Poslu\u0161aj glas prirode","description":"\u010cuvaj bioraznolikost Hrvatske","publisher":{"@id":"https:\/\/glasprirode.hr\/#organization"},"potentialAction":[{"@type":"SearchAction","target":{"@type":"EntryPoint","urlTemplate":"https:\/\/glasprirode.hr\/?s={search_term_string}"},"query-input":{"@type":"PropertyValueSpecification","valueRequired":true,"valueName":"search_term_string"}}],"inLanguage":"en-US"},{"@type":"Organization","@id":"https:\/\/glasprirode.hr\/#organization","name":"Glas prirode","url":"https:\/\/glasprirode.hr\/","logo":{"@type":"ImageObject","inLanguage":"en-US","@id":"https:\/\/glasprirode.hr\/#\/schema\/logo\/image\/","url":"https:\/\/glasprirode.hr\/wp-content\/uploads\/2022\/06\/web-thumbnail.jpg","contentUrl":"https:\/\/glasprirode.hr\/wp-content\/uploads\/2022\/06\/web-thumbnail.jpg","width":1200,"height":628,"caption":"Glas prirode"},"image":{"@id":"https:\/\/glasprirode.hr\/#\/schema\/logo\/image\/"},"sameAs":["https:\/\/www.facebook.com\/glasprirodehr","https:\/\/www.instagram.com\/glasprirodehr\/","https:\/\/www.youtube.com\/channel\/UChCv0Ama_OMOIleNeCaBRZQ"]}]}},"_links":{"self":[{"href":"https:\/\/glasprirode.hr\/en\/wp-json\/wp\/v2\/pages\/351","targetHints":{"allow":["GET"]}}],"collection":[{"href":"https:\/\/glasprirode.hr\/en\/wp-json\/wp\/v2\/pages"}],"about":[{"href":"https:\/\/glasprirode.hr\/en\/wp-json\/wp\/v2\/types\/page"}],"author":[{"embeddable":true,"href":"https:\/\/glasprirode.hr\/en\/wp-json\/wp\/v2\/users\/1"}],"replies":[{"embeddable":true,"href":"https:\/\/glasprirode.hr\/en\/wp-json\/wp\/v2\/comments?post=351"}],"version-history":[{"count":15,"href":"https:\/\/glasprirode.hr\/en\/wp-json\/wp\/v2\/pages\/351\/revisions"}],"predecessor-version":[{"id":2363,"href":"https:\/\/glasprirode.hr\/en\/wp-json\/wp\/v2\/pages\/351\/revisions\/2363"}],"wp:featuredmedia":[{"embeddable":true,"href":"https:\/\/glasprirode.hr\/en\/wp-json\/wp\/v2\/media\/1346"}],"wp:attachment":[{"href":"https:\/\/glasprirode.hr\/en\/wp-json\/wp\/v2\/media?parent=351"}],"curies":[{"name":"wp","href":"https:\/\/api.w.org\/{rel}","templated":true}]}}